{"id":160,"date":"2021-03-15T14:56:28","date_gmt":"2021-03-15T14:56:28","guid":{"rendered":"http:\/\/ferredrywall105.com\/?page_id=160"},"modified":"2025-06-11T22:38:28","modified_gmt":"2025-06-11T22:38:28","slug":"inicio2","status":"publish","type":"page","link":"https:\/\/ferredrywall105.com\/","title":{"rendered":"INICIO2"},"content":{"rendered":"\n\n\n\n\n\n\n\n\n\n\n\n\n\n\n\n\n<p><\/p>\n","protected":false},"excerpt":{"rendered":"","protected":false},"author":1,"featured_media":0,"parent":0,"menu_order":0,"comment_status":"closed","ping_status":"closed","template":"","meta":{"_joinchat":{"view":"yes"},"footnotes":""},"class_list":["post-160","page","type-page","status-publish","hentry"],"yoast_head":"<!-- This site is optimized with the Yoast SEO plugin v25.3 - https:\/\/yoast.com\/wordpress\/plugins\/seo\/ -->\n<title>FerreDrywall La 105 - Tu ferreter\u00eda aliada en la construcci\u00f3n<\/title>\n<meta name=\"description\" content=\"Bienvenido a FerreDrywall La 105 Somos tu aliado y ferreter\u00eda para la construcci\u00f3n ubicado en el coraz\u00f3n de Provenza. Nos especializamos en ofrecerte todos los materiales necesarios para la construcci\u00f3n y remodelaci\u00f3n de tus proyectos. Materiales de de alta calidad a precios competitivos. Con m\u00e1s de 10 a\u00f1os de experiencia, nuestro equipo de trabajo, asesores y consultores se dedican a brindar una atenci\u00f3n personalizada y enfocada en lo que tu y tu proyecto necesitan. Soluciones a tu medida. #construyendojuntos Materiales para la Construcci\u00f3n y Remodelaci\u00f3n&quot;\" \/>\n<meta name=\"robots\" content=\"index, follow, max-snippet:-1, max-image-preview:large, max-video-preview:-1\" \/>\n<link rel=\"canonical\" href=\"https:\/\/ferredrywall105.com\/\" \/>\n<meta property=\"og:locale\" content=\"es_ES\" \/>\n<meta property=\"og:type\" content=\"article\" \/>\n<meta property=\"og:title\" content=\"FerreDrywall La 105 - Tu ferreter\u00eda aliada en la construcci\u00f3n\" \/>\n<meta property=\"og:description\" content=\"Bienvenido a FerreDrywall La 105 Somos tu aliado y ferreter\u00eda para la construcci\u00f3n ubicado en el coraz\u00f3n de Provenza. Nos especializamos en ofrecerte todos los materiales necesarios para la construcci\u00f3n y remodelaci\u00f3n de tus proyectos. Materiales de de alta calidad a precios competitivos. Con m\u00e1s de 10 a\u00f1os de experiencia, nuestro equipo de trabajo, asesores y consultores se dedican a brindar una atenci\u00f3n personalizada y enfocada en lo que tu y tu proyecto necesitan. Soluciones a tu medida. #construyendojuntos Materiales para la Construcci\u00f3n y Remodelaci\u00f3n&quot;\" \/>\n<meta property=\"og:url\" content=\"https:\/\/ferredrywall105.com\/\" \/>\n<meta property=\"og:site_name\" content=\"FerreDrywall La105\" \/>\n<meta property=\"article:publisher\" content=\"https:\/\/www.facebook.com\/ferredrywall105\" \/>\n<meta property=\"article:modified_time\" content=\"2025-06-11T22:38:28+00:00\" \/>\n<meta property=\"og:image\" content=\"https:\/\/ferredrywall105.com\/wp-content\/uploads\/2021\/03\/LOGOFERRR.png\" \/>\n\t<meta property=\"og:image:width\" content=\"698\" \/>\n\t<meta property=\"og:image:height\" content=\"184\" \/>\n\t<meta property=\"og:image:type\" content=\"image\/png\" \/>\n<meta name=\"twitter:card\" content=\"summary_large_image\" \/>\n<meta name=\"twitter:label1\" content=\"Tiempo de lectura\" \/>\n\t<meta name=\"twitter:data1\" content=\"1 minuto\" \/>\n<script type=\"application\/ld+json\" class=\"yoast-schema-graph\">{\"@context\":\"https:\/\/schema.org\",\"@graph\":[{\"@type\":\"WebPage\",\"@id\":\"https:\/\/ferredrywall105.com\/\",\"url\":\"https:\/\/ferredrywall105.com\/\",\"name\":\"FerreDrywall La 105 - Tu ferreter\u00eda aliada en la construcci\u00f3n\",\"isPartOf\":{\"@id\":\"https:\/\/ferredrywall105.com\/#website\"},\"datePublished\":\"2021-03-15T14:56:28+00:00\",\"dateModified\":\"2025-06-11T22:38:28+00:00\",\"description\":\"Bienvenido a FerreDrywall La 105 Somos tu aliado y ferreter\u00eda para la construcci\u00f3n ubicado en el coraz\u00f3n de Provenza. Nos especializamos en ofrecerte todos los materiales necesarios para la construcci\u00f3n y remodelaci\u00f3n de tus proyectos. Materiales de de alta calidad a precios competitivos. Con m\u00e1s de 10 a\u00f1os de experiencia, nuestro equipo de trabajo, asesores y consultores se dedican a brindar una atenci\u00f3n personalizada y enfocada en lo que tu y tu proyecto necesitan. Soluciones a tu medida. #construyendojuntos Materiales para la Construcci\u00f3n y Remodelaci\u00f3n\\\"\",\"breadcrumb\":{\"@id\":\"https:\/\/ferredrywall105.com\/#breadcrumb\"},\"inLanguage\":\"es\",\"potentialAction\":[{\"@type\":\"ReadAction\",\"target\":[\"https:\/\/ferredrywall105.com\/\"]}]},{\"@type\":\"BreadcrumbList\",\"@id\":\"https:\/\/ferredrywall105.com\/#breadcrumb\",\"itemListElement\":[{\"@type\":\"ListItem\",\"position\":1,\"name\":\"Portada\",\"item\":\"https:\/\/ferredrywall105.com\/\"},{\"@type\":\"ListItem\",\"position\":2,\"name\":\"INICIO2\"}]},{\"@type\":\"WebSite\",\"@id\":\"https:\/\/ferredrywall105.com\/#website\",\"url\":\"https:\/\/ferredrywall105.com\/\",\"name\":\"FerreDrywall La105\",\"description\":\"Tu aliado en la construcci\u00f3n de tus proyectos\",\"publisher\":{\"@id\":\"https:\/\/ferredrywall105.com\/#organization\"},\"potentialAction\":[{\"@type\":\"SearchAction\",\"target\":{\"@type\":\"EntryPoint\",\"urlTemplate\":\"https:\/\/ferredrywall105.com\/?s={search_term_string}\"},\"query-input\":{\"@type\":\"PropertyValueSpecification\",\"valueRequired\":true,\"valueName\":\"search_term_string\"}}],\"inLanguage\":\"es\"},{\"@type\":\"Organization\",\"@id\":\"https:\/\/ferredrywall105.com\/#organization\",\"name\":\"FerreDrywall La105\",\"url\":\"https:\/\/ferredrywall105.com\/\",\"logo\":{\"@type\":\"ImageObject\",\"inLanguage\":\"es\",\"@id\":\"https:\/\/ferredrywall105.com\/#\/schema\/logo\/image\/\",\"url\":\"https:\/\/ferredrywall105.com\/wp-content\/uploads\/2021\/04\/LOGO-FERRETERIA.png\",\"contentUrl\":\"https:\/\/ferredrywall105.com\/wp-content\/uploads\/2021\/04\/LOGO-FERRETERIA.png\",\"width\":822,\"height\":709,\"caption\":\"FerreDrywall La105\"},\"image\":{\"@id\":\"https:\/\/ferredrywall105.com\/#\/schema\/logo\/image\/\"},\"sameAs\":[\"https:\/\/www.facebook.com\/ferredrywall105\",\"https:\/\/www.instagram.com\/ferredrywall105\/\"]}]}<\/script>\n<!-- \/ Yoast SEO plugin. -->","yoast_head_json":{"title":"FerreDrywall La 105 - Tu ferreter\u00eda aliada en la construcci\u00f3n","description":"Bienvenido a FerreDrywall La 105 Somos tu aliado y ferreter\u00eda para la construcci\u00f3n ubicado en el coraz\u00f3n de Provenza. Nos especializamos en ofrecerte todos los materiales necesarios para la construcci\u00f3n y remodelaci\u00f3n de tus proyectos. Materiales de de alta calidad a precios competitivos. Con m\u00e1s de 10 a\u00f1os de experiencia, nuestro equipo de trabajo, asesores y consultores se dedican a brindar una atenci\u00f3n personalizada y enfocada en lo que tu y tu proyecto necesitan. Soluciones a tu medida. #construyendojuntos Materiales para la Construcci\u00f3n y Remodelaci\u00f3n\"","robots":{"index":"index","follow":"follow","max-snippet":"max-snippet:-1","max-image-preview":"max-image-preview:large","max-video-preview":"max-video-preview:-1"},"canonical":"https:\/\/ferredrywall105.com\/","og_locale":"es_ES","og_type":"article","og_title":"FerreDrywall La 105 - Tu ferreter\u00eda aliada en la construcci\u00f3n","og_description":"Bienvenido a FerreDrywall La 105 Somos tu aliado y ferreter\u00eda para la construcci\u00f3n ubicado en el coraz\u00f3n de Provenza. Nos especializamos en ofrecerte todos los materiales necesarios para la construcci\u00f3n y remodelaci\u00f3n de tus proyectos. Materiales de de alta calidad a precios competitivos. Con m\u00e1s de 10 a\u00f1os de experiencia, nuestro equipo de trabajo, asesores y consultores se dedican a brindar una atenci\u00f3n personalizada y enfocada en lo que tu y tu proyecto necesitan. Soluciones a tu medida. #construyendojuntos Materiales para la Construcci\u00f3n y Remodelaci\u00f3n\"","og_url":"https:\/\/ferredrywall105.com\/","og_site_name":"FerreDrywall La105","article_publisher":"https:\/\/www.facebook.com\/ferredrywall105","article_modified_time":"2025-06-11T22:38:28+00:00","og_image":[{"width":698,"height":184,"url":"https:\/\/ferredrywall105.com\/wp-content\/uploads\/2021\/03\/LOGOFERRR.png","type":"image\/png"}],"twitter_card":"summary_large_image","twitter_misc":{"Tiempo de lectura":"1 minuto"},"schema":{"@context":"https:\/\/schema.org","@graph":[{"@type":"WebPage","@id":"https:\/\/ferredrywall105.com\/","url":"https:\/\/ferredrywall105.com\/","name":"FerreDrywall La 105 - Tu ferreter\u00eda aliada en la construcci\u00f3n","isPartOf":{"@id":"https:\/\/ferredrywall105.com\/#website"},"datePublished":"2021-03-15T14:56:28+00:00","dateModified":"2025-06-11T22:38:28+00:00","description":"Bienvenido a FerreDrywall La 105 Somos tu aliado y ferreter\u00eda para la construcci\u00f3n ubicado en el coraz\u00f3n de Provenza. Nos especializamos en ofrecerte todos los materiales necesarios para la construcci\u00f3n y remodelaci\u00f3n de tus proyectos. Materiales de de alta calidad a precios competitivos. Con m\u00e1s de 10 a\u00f1os de experiencia, nuestro equipo de trabajo, asesores y consultores se dedican a brindar una atenci\u00f3n personalizada y enfocada en lo que tu y tu proyecto necesitan. Soluciones a tu medida. #construyendojuntos Materiales para la Construcci\u00f3n y Remodelaci\u00f3n\"","breadcrumb":{"@id":"https:\/\/ferredrywall105.com\/#breadcrumb"},"inLanguage":"es","potentialAction":[{"@type":"ReadAction","target":["https:\/\/ferredrywall105.com\/"]}]},{"@type":"BreadcrumbList","@id":"https:\/\/ferredrywall105.com\/#breadcrumb","itemListElement":[{"@type":"ListItem","position":1,"name":"Portada","item":"https:\/\/ferredrywall105.com\/"},{"@type":"ListItem","position":2,"name":"INICIO2"}]},{"@type":"WebSite","@id":"https:\/\/ferredrywall105.com\/#website","url":"https:\/\/ferredrywall105.com\/","name":"FerreDrywall La105","description":"Tu aliado en la construcci\u00f3n de tus proyectos","publisher":{"@id":"https:\/\/ferredrywall105.com\/#organization"},"potentialAction":[{"@type":"SearchAction","target":{"@type":"EntryPoint","urlTemplate":"https:\/\/ferredrywall105.com\/?s={search_term_string}"},"query-input":{"@type":"PropertyValueSpecification","valueRequired":true,"valueName":"search_term_string"}}],"inLanguage":"es"},{"@type":"Organization","@id":"https:\/\/ferredrywall105.com\/#organization","name":"FerreDrywall La105","url":"https:\/\/ferredrywall105.com\/","logo":{"@type":"ImageObject","inLanguage":"es","@id":"https:\/\/ferredrywall105.com\/#\/schema\/logo\/image\/","url":"https:\/\/ferredrywall105.com\/wp-content\/uploads\/2021\/04\/LOGO-FERRETERIA.png","contentUrl":"https:\/\/ferredrywall105.com\/wp-content\/uploads\/2021\/04\/LOGO-FERRETERIA.png","width":822,"height":709,"caption":"FerreDrywall La105"},"image":{"@id":"https:\/\/ferredrywall105.com\/#\/schema\/logo\/image\/"},"sameAs":["https:\/\/www.facebook.com\/ferredrywall105","https:\/\/www.instagram.com\/ferredrywall105\/"]}]}},"_links":{"self":[{"href":"https:\/\/ferredrywall105.com\/index.php\/wp-json\/wp\/v2\/pages\/160","targetHints":{"allow":["GET"]}}],"collection":[{"href":"https:\/\/ferredrywall105.com\/index.php\/wp-json\/wp\/v2\/pages"}],"about":[{"href":"https:\/\/ferredrywall105.com\/index.php\/wp-json\/wp\/v2\/types\/page"}],"author":[{"embeddable":true,"href":"https:\/\/ferredrywall105.com\/index.php\/wp-json\/wp\/v2\/users\/1"}],"replies":[{"embeddable":true,"href":"https:\/\/ferredrywall105.com\/index.php\/wp-json\/wp\/v2\/comments?post=160"}],"version-history":[{"count":9,"href":"https:\/\/ferredrywall105.com\/index.php\/wp-json\/wp\/v2\/pages\/160\/revisions"}],"predecessor-version":[{"id":489,"href":"https:\/\/ferredrywall105.com\/index.php\/wp-json\/wp\/v2\/pages\/160\/revisions\/489"}],"wp:attachment":[{"href":"https:\/\/ferredrywall105.com\/index.php\/wp-json\/wp\/v2\/media?parent=160"}],"curies":[{"name":"wp","href":"https:\/\/api.w.org\/{rel}","templated":true}]}}